{"id":58536,"date":"2021-11-22T16:06:23","date_gmt":"2021-11-22T08:06:23","guid":{"rendered":"https:\/\/www.mobile-well.com\/?post_type=product&#038;p=58536"},"modified":"2021-11-22T16:07:16","modified_gmt":"2021-11-22T08:07:16","slug":"fundas-tpu-proteccion-de-lente-serie-ojos-de-angel-con-diseno","status":"publish","type":"product","link":"https:\/\/www.mobile-well.com\/es\/producto\/fundas-tpu-proteccion-de-lente-serie-ojos-de-angel-con-diseno\/","title":{"rendered":"Fundas TPU  Protecci\u00f3n De Lente Serie Ojos de \u00e1ngel con dise\u00f1o"},"content":{"rendered":"","protected":false},"excerpt":{"rendered":"<ul>\n<li>MOQ: 200 piezas \/ modelo, 50 piezas \/ color<\/li>\n<li>Material: TPU<\/li>\n<li>Modelo:Para IPHONE, OPPO, VIVO, XIAOMI, HUAWEI, OnePlus<\/li>\n<li>Producto N.W: 24,2g<\/li>\n<li>Tama\u00f1o de CTN: 60 * 45 * 33cm 500pcs \/ ctn 12.1kkg<\/li>\n<\/ul>\n","protected":false},"featured_media":58537,"template":"","meta":[],"product_brand":[],"product_cat":[77],"product_tag":[1038,7153,1130,5761],"class_list":{"0":"post-58536","1":"product","2":"type-product","3":"status-publish","4":"has-post-thumbnail","6":"product_cat-fundas","7":"product_tag-funda-con-diseno","8":"product_tag-fundas-proteccion-de-lente","9":"product_tag-fundas-tpu","10":"product_tag-moq200","12":"first","13":"instock","14":"shipping-taxable","15":"product-type-simple"},"jetpack_sharing_enabled":true,"_links":{"self":[{"href":"https:\/\/www.mobile-well.com\/es\/wp-json\/wp\/v2\/product\/58536","targetHints":{"allow":["GET"]}}],"collection":[{"href":"https:\/\/www.mobile-well.com\/es\/wp-json\/wp\/v2\/product"}],"about":[{"href":"https:\/\/www.mobile-well.com\/es\/wp-json\/wp\/v2\/types\/product"}],"wp:featuredmedia":[{"embeddable":true,"href":"https:\/\/www.mobile-well.com\/es\/wp-json\/wp\/v2\/media\/58537"}],"wp:attachment":[{"href":"https:\/\/www.mobile-well.com\/es\/wp-json\/wp\/v2\/media?parent=58536"}],"wp:term":[{"taxonomy":"product_brand","embeddable":true,"href":"https:\/\/www.mobile-well.com\/es\/wp-json\/wp\/v2\/product_brand?post=58536"},{"taxonomy":"product_cat","embeddable":true,"href":"https:\/\/www.mobile-well.com\/es\/wp-json\/wp\/v2\/product_cat?post=58536"},{"taxonomy":"product_tag","embeddable":true,"href":"https:\/\/www.mobile-well.com\/es\/wp-json\/wp\/v2\/product_tag?post=58536"}],"curies":[{"name":"wp","href":"https:\/\/api.w.org\/{rel}","templated":true}]}}