{"id":59159,"date":"2021-12-09T17:48:52","date_gmt":"2021-12-09T09:48:52","guid":{"rendered":"https:\/\/www.mobile-well.com\/?post_type=product&#038;p=59159"},"modified":"2021-12-09T17:49:14","modified_gmt":"2021-12-09T09:49:14","slug":"cable-pd-type-c-60w-20w-usb-de-silicona-de-grado-alimenticio","status":"publish","type":"product","link":"https:\/\/www.mobile-well.com\/es\/producto\/cable-pd-type-c-60w-20w-usb-de-silicona-de-grado-alimenticio\/","title":{"rendered":"Cable PD TYPE-C 60W 20W usb de silicona de grado alimenticio"},"content":{"rendered":"","protected":false},"excerpt":{"rendered":"<ul>\n<li>Longitud: 1 m<\/li>\n<li>Material: silicona l\u00edquida de grado alimenticio<\/li>\n<li>USB C a L: 20 W m\u00e1x.<\/li>\n<li>USB C a C: 60 W m\u00e1x.<\/li>\n<li>Funci\u00f3n: carga r\u00e1pida + transmisi\u00f3n de datos<\/li>\n<\/ul>\n","protected":false},"featured_media":59164,"template":"","meta":[],"product_brand":[],"product_cat":[79],"product_tag":[7194,5638,7193,7157,5854],"class_list":{"0":"post-59159","1":"product","2":"type-product","3":"status-publish","4":"has-post-thumbnail","6":"product_cat-cables","7":"product_tag-cable-60w","8":"product_tag-cable-pd","9":"product_tag-cable-type-c","10":"product_tag-cable-usb-de-silicona","11":"product_tag-moq500","13":"first","14":"instock","15":"shipping-taxable","16":"product-type-simple"},"jetpack_sharing_enabled":true,"_links":{"self":[{"href":"https:\/\/www.mobile-well.com\/es\/wp-json\/wp\/v2\/product\/59159","targetHints":{"allow":["GET"]}}],"collection":[{"href":"https:\/\/www.mobile-well.com\/es\/wp-json\/wp\/v2\/product"}],"about":[{"href":"https:\/\/www.mobile-well.com\/es\/wp-json\/wp\/v2\/types\/product"}],"wp:featuredmedia":[{"embeddable":true,"href":"https:\/\/www.mobile-well.com\/es\/wp-json\/wp\/v2\/media\/59164"}],"wp:attachment":[{"href":"https:\/\/www.mobile-well.com\/es\/wp-json\/wp\/v2\/media?parent=59159"}],"wp:term":[{"taxonomy":"product_brand","embeddable":true,"href":"https:\/\/www.mobile-well.com\/es\/wp-json\/wp\/v2\/product_brand?post=59159"},{"taxonomy":"product_cat","embeddable":true,"href":"https:\/\/www.mobile-well.com\/es\/wp-json\/wp\/v2\/product_cat?post=59159"},{"taxonomy":"product_tag","embeddable":true,"href":"https:\/\/www.mobile-well.com\/es\/wp-json\/wp\/v2\/product_tag?post=59159"}],"curies":[{"name":"wp","href":"https:\/\/api.w.org\/{rel}","templated":true}]}}