{"id":59518,"date":"2021-12-29T16:42:11","date_gmt":"2021-12-29T08:42:11","guid":{"rendered":"https:\/\/www.mobile-well.com\/?post_type=product&#038;p=59518"},"modified":"2021-12-29T16:44:09","modified_gmt":"2021-12-29T08:44:09","slug":"fundas-tpu-con-proteccion-de-lente-para-iphone13-13pro-13promax","status":"publish","type":"product","link":"https:\/\/www.mobile-well.com\/es\/producto\/fundas-tpu-con-proteccion-de-lente-para-iphone13-13pro-13promax\/","title":{"rendered":"Fundas TPU con  Protecci\u00f3n De Lente Para iPhone13\/13Pro\/13ProMax"},"content":{"rendered":"","protected":false},"excerpt":{"rendered":"<ul>\n<li>Material: TPU<\/li>\n<li>MOQ: 200 piezas \/ modelo, 50 piezas \/ color<\/li>\n<li>Color: como imagen<\/li>\n<li>Modelo: Cont\u00e1ctenos r\u00e1pidamente para obtener el cat\u00e1logo.<\/li>\n<\/ul>\n","protected":false},"featured_media":59531,"template":"","meta":[],"product_brand":[],"product_cat":[77],"product_tag":[7164,1130,5761],"class_list":{"0":"post-59518","1":"product","2":"type-product","3":"status-publish","4":"has-post-thumbnail","6":"product_cat-fundas","7":"product_tag-funda-con-proteccion-de-lente","8":"product_tag-fundas-tpu","9":"product_tag-moq200","11":"first","12":"instock","13":"shipping-taxable","14":"product-type-simple"},"jetpack_sharing_enabled":true,"_links":{"self":[{"href":"https:\/\/www.mobile-well.com\/es\/wp-json\/wp\/v2\/product\/59518","targetHints":{"allow":["GET"]}}],"collection":[{"href":"https:\/\/www.mobile-well.com\/es\/wp-json\/wp\/v2\/product"}],"about":[{"href":"https:\/\/www.mobile-well.com\/es\/wp-json\/wp\/v2\/types\/product"}],"wp:featuredmedia":[{"embeddable":true,"href":"https:\/\/www.mobile-well.com\/es\/wp-json\/wp\/v2\/media\/59531"}],"wp:attachment":[{"href":"https:\/\/www.mobile-well.com\/es\/wp-json\/wp\/v2\/media?parent=59518"}],"wp:term":[{"taxonomy":"product_brand","embeddable":true,"href":"https:\/\/www.mobile-well.com\/es\/wp-json\/wp\/v2\/product_brand?post=59518"},{"taxonomy":"product_cat","embeddable":true,"href":"https:\/\/www.mobile-well.com\/es\/wp-json\/wp\/v2\/product_cat?post=59518"},{"taxonomy":"product_tag","embeddable":true,"href":"https:\/\/www.mobile-well.com\/es\/wp-json\/wp\/v2\/product_tag?post=59518"}],"curies":[{"name":"wp","href":"https:\/\/api.w.org\/{rel}","templated":true}]}}