{"id":59543,"date":"2021-12-29T16:46:13","date_gmt":"2021-12-29T08:46:13","guid":{"rendered":"https:\/\/www.mobile-well.com\/?post_type=product&#038;p=59543"},"modified":"2021-12-29T16:46:34","modified_gmt":"2021-12-29T08:46:34","slug":"fundas-1-5mm-tpu-de-diseno-transparente-con-proteccion-de-lente-para-iphone13-13mini","status":"publish","type":"product","link":"https:\/\/www.mobile-well.com\/es\/producto\/fundas-1-5mm-tpu-de-diseno-transparente-con-proteccion-de-lente-para-iphone13-13mini\/","title":{"rendered":"Fundas 1.5mm TPU de dise\u00f1o transparente con  Protecci\u00f3n De Lente Para iPhone13\/13mini"},"content":{"rendered":"","protected":false},"excerpt":{"rendered":"<ul>\n<li>Material: TPU<\/li>\n<li>MOQ: 200 piezas \/ modelo, 50 piezas \/ color<\/li>\n<li>Color: como imagen<\/li>\n<li>Modelo: Cont\u00e1ctenos r\u00e1pidamente para obtener el cat\u00e1logo.<\/li>\n<\/ul>\n","protected":false},"featured_media":59556,"template":"","meta":[],"product_brand":[],"product_cat":[77],"product_tag":[7164,7209,7208,5761],"class_list":{"0":"post-59543","1":"product","2":"type-product","3":"status-publish","4":"has-post-thumbnail","6":"product_cat-fundas","7":"product_tag-funda-con-proteccion-de-lente","8":"product_tag-funda-tpu-de-diseno-transparente","9":"product_tag-fundas-1-5mm-tpu","10":"product_tag-moq200","12":"first","13":"instock","14":"shipping-taxable","15":"product-type-simple"},"jetpack_sharing_enabled":true,"_links":{"self":[{"href":"https:\/\/www.mobile-well.com\/es\/wp-json\/wp\/v2\/product\/59543","targetHints":{"allow":["GET"]}}],"collection":[{"href":"https:\/\/www.mobile-well.com\/es\/wp-json\/wp\/v2\/product"}],"about":[{"href":"https:\/\/www.mobile-well.com\/es\/wp-json\/wp\/v2\/types\/product"}],"wp:featuredmedia":[{"embeddable":true,"href":"https:\/\/www.mobile-well.com\/es\/wp-json\/wp\/v2\/media\/59556"}],"wp:attachment":[{"href":"https:\/\/www.mobile-well.com\/es\/wp-json\/wp\/v2\/media?parent=59543"}],"wp:term":[{"taxonomy":"product_brand","embeddable":true,"href":"https:\/\/www.mobile-well.com\/es\/wp-json\/wp\/v2\/product_brand?post=59543"},{"taxonomy":"product_cat","embeddable":true,"href":"https:\/\/www.mobile-well.com\/es\/wp-json\/wp\/v2\/product_cat?post=59543"},{"taxonomy":"product_tag","embeddable":true,"href":"https:\/\/www.mobile-well.com\/es\/wp-json\/wp\/v2\/product_tag?post=59543"}],"curies":[{"name":"wp","href":"https:\/\/api.w.org\/{rel}","templated":true}]}}