{"id":59643,"date":"2021-12-30T16:46:02","date_gmt":"2021-12-30T08:46:02","guid":{"rendered":"https:\/\/www.mobile-well.com\/?post_type=product&#038;p=59643"},"modified":"2021-12-30T16:46:45","modified_gmt":"2021-12-30T08:46:45","slug":"2-en-1-carcasa-de-tpupc-de-cristal-con-desion-y-proteccion-de-lente-de-camara-completa-para-iphone13","status":"publish","type":"product","link":"https:\/\/www.mobile-well.com\/es\/producto\/2-en-1-carcasa-de-tpupc-de-cristal-con-desion-y-proteccion-de-lente-de-camara-completa-para-iphone13\/","title":{"rendered":"2 en 1 Carcasa de TPU+PC de cristal con desion y protecci\u00f3n de lente de c\u00e1mara completa Para iPhone13"},"content":{"rendered":"","protected":false},"excerpt":{"rendered":"<ul>\n<li>Material: TPU + PC<\/li>\n<li>Color: como imagen<\/li>\n<li>Comprar minima: 200piezas \/ modelo, 50piezas \/ color<\/li>\n<li>Modelos: Cont\u00e1ctenos r\u00e1pidamente para obtener el cat\u00e1logo.<\/li>\n<\/ul>\n","protected":false},"featured_media":59648,"template":"","meta":[],"product_brand":[],"product_cat":[77],"product_tag":[7215,7218,7217,7214],"class_list":{"0":"post-59643","1":"product","2":"type-product","3":"status-publish","4":"has-post-thumbnail","6":"product_cat-fundas","7":"product_tag-2-en-1-carcasa","8":"product_tag-carcasa-con-desion","9":"product_tag-carcasa-con-proteccion-de-lente-de-camara-completa","10":"product_tag-carcasa-de-tpupc-de-cristal","12":"first","13":"instock","14":"shipping-taxable","15":"product-type-simple"},"jetpack_sharing_enabled":true,"_links":{"self":[{"href":"https:\/\/www.mobile-well.com\/es\/wp-json\/wp\/v2\/product\/59643","targetHints":{"allow":["GET"]}}],"collection":[{"href":"https:\/\/www.mobile-well.com\/es\/wp-json\/wp\/v2\/product"}],"about":[{"href":"https:\/\/www.mobile-well.com\/es\/wp-json\/wp\/v2\/types\/product"}],"wp:featuredmedia":[{"embeddable":true,"href":"https:\/\/www.mobile-well.com\/es\/wp-json\/wp\/v2\/media\/59648"}],"wp:attachment":[{"href":"https:\/\/www.mobile-well.com\/es\/wp-json\/wp\/v2\/media?parent=59643"}],"wp:term":[{"taxonomy":"product_brand","embeddable":true,"href":"https:\/\/www.mobile-well.com\/es\/wp-json\/wp\/v2\/product_brand?post=59643"},{"taxonomy":"product_cat","embeddable":true,"href":"https:\/\/www.mobile-well.com\/es\/wp-json\/wp\/v2\/product_cat?post=59643"},{"taxonomy":"product_tag","embeddable":true,"href":"https:\/\/www.mobile-well.com\/es\/wp-json\/wp\/v2\/product_tag?post=59643"}],"curies":[{"name":"wp","href":"https:\/\/api.w.org\/{rel}","templated":true}]}}