{"id":59706,"date":"2021-12-31T16:03:09","date_gmt":"2021-12-31T08:03:09","guid":{"rendered":"https:\/\/www.mobile-well.com\/?post_type=product&#038;p=59706"},"modified":"2021-12-31T16:03:22","modified_gmt":"2021-12-31T08:03:22","slug":"funda-de-silicone-con-diseno-de-arco-iris-para-iphone13-13promax","status":"publish","type":"product","link":"https:\/\/www.mobile-well.com\/es\/producto\/funda-de-silicone-con-diseno-de-arco-iris-para-iphone13-13promax\/","title":{"rendered":"Funda de silicone con dise\u00f1o de arco iris Para iPhone13\/13ProMax"},"content":{"rendered":"","protected":false},"excerpt":{"rendered":"<ul>\n<li>Material: silicona s\u00f3lida<\/li>\n<li>Color: como imagen<\/li>\n<li>Comprar minima: 200piezas \/ modelo, 50piezs \/ color<\/li>\n<li>Modelo: Cont\u00e1ctenos r\u00e1pidamente para obtener el cat\u00e1logo.<\/li>\n<\/ul>\n","protected":false},"featured_media":59711,"template":"","meta":[],"product_brand":[],"product_cat":[77],"product_tag":[7225,7224,5761],"class_list":{"0":"post-59706","1":"product","2":"type-product","3":"status-publish","4":"has-post-thumbnail","6":"product_cat-fundas","7":"product_tag-funda-con-diseno-de-arco-iris","8":"product_tag-funda-de-silicone","9":"product_tag-moq200","11":"first","12":"instock","13":"shipping-taxable","14":"product-type-simple"},"jetpack_sharing_enabled":true,"_links":{"self":[{"href":"https:\/\/www.mobile-well.com\/es\/wp-json\/wp\/v2\/product\/59706","targetHints":{"allow":["GET"]}}],"collection":[{"href":"https:\/\/www.mobile-well.com\/es\/wp-json\/wp\/v2\/product"}],"about":[{"href":"https:\/\/www.mobile-well.com\/es\/wp-json\/wp\/v2\/types\/product"}],"wp:featuredmedia":[{"embeddable":true,"href":"https:\/\/www.mobile-well.com\/es\/wp-json\/wp\/v2\/media\/59711"}],"wp:attachment":[{"href":"https:\/\/www.mobile-well.com\/es\/wp-json\/wp\/v2\/media?parent=59706"}],"wp:term":[{"taxonomy":"product_brand","embeddable":true,"href":"https:\/\/www.mobile-well.com\/es\/wp-json\/wp\/v2\/product_brand?post=59706"},{"taxonomy":"product_cat","embeddable":true,"href":"https:\/\/www.mobile-well.com\/es\/wp-json\/wp\/v2\/product_cat?post=59706"},{"taxonomy":"product_tag","embeddable":true,"href":"https:\/\/www.mobile-well.com\/es\/wp-json\/wp\/v2\/product_tag?post=59706"}],"curies":[{"name":"wp","href":"https:\/\/api.w.org\/{rel}","templated":true}]}}