{"id":59770,"date":"2022-01-04T16:08:00","date_gmt":"2022-01-04T08:08:00","guid":{"rendered":"https:\/\/www.mobile-well.com\/?post_type=product&#038;p=59770"},"modified":"2022-01-04T16:10:10","modified_gmt":"2022-01-04T08:10:10","slug":"2-en-1-carcasa-de-tpupc-de-cristal-transparente-con-proteccion-de-lente-de-camara-completa","status":"publish","type":"product","link":"https:\/\/www.mobile-well.com\/es\/producto\/2-en-1-carcasa-de-tpupc-de-cristal-transparente-con-proteccion-de-lente-de-camara-completa\/","title":{"rendered":"2 en 1 Carcasa de TPU+PC de cristal transparente con protecci\u00f3n de lente de c\u00e1mara completa"},"content":{"rendered":"","protected":false},"excerpt":{"rendered":"<ul>\n<li>Material: TPU + PC<\/li>\n<li>Color: como imagen<\/li>\n<li>MOQ: 200 piezas \/ modelo, 50 piezas \/ color<\/li>\n<li>Modelo: Cont\u00e1ctenos r\u00e1pidamente para obtener el cat\u00e1logo.<\/li>\n<\/ul>\n","protected":false},"featured_media":59771,"template":"","meta":[],"product_brand":[],"product_cat":[77],"product_tag":[7215,7217,7213,5761],"class_list":{"0":"post-59770","1":"product","2":"type-product","3":"status-publish","4":"has-post-thumbnail","6":"product_cat-fundas","7":"product_tag-2-en-1-carcasa","8":"product_tag-carcasa-con-proteccion-de-lente-de-camara-completa","9":"product_tag-carcasa-de-tpupc-de-cristal-transparente","10":"product_tag-moq200","12":"first","13":"instock","14":"shipping-taxable","15":"product-type-simple"},"jetpack_sharing_enabled":true,"_links":{"self":[{"href":"https:\/\/www.mobile-well.com\/es\/wp-json\/wp\/v2\/product\/59770","targetHints":{"allow":["GET"]}}],"collection":[{"href":"https:\/\/www.mobile-well.com\/es\/wp-json\/wp\/v2\/product"}],"about":[{"href":"https:\/\/www.mobile-well.com\/es\/wp-json\/wp\/v2\/types\/product"}],"wp:featuredmedia":[{"embeddable":true,"href":"https:\/\/www.mobile-well.com\/es\/wp-json\/wp\/v2\/media\/59771"}],"wp:attachment":[{"href":"https:\/\/www.mobile-well.com\/es\/wp-json\/wp\/v2\/media?parent=59770"}],"wp:term":[{"taxonomy":"product_brand","embeddable":true,"href":"https:\/\/www.mobile-well.com\/es\/wp-json\/wp\/v2\/product_brand?post=59770"},{"taxonomy":"product_cat","embeddable":true,"href":"https:\/\/www.mobile-well.com\/es\/wp-json\/wp\/v2\/product_cat?post=59770"},{"taxonomy":"product_tag","embeddable":true,"href":"https:\/\/www.mobile-well.com\/es\/wp-json\/wp\/v2\/product_tag?post=59770"}],"curies":[{"name":"wp","href":"https:\/\/api.w.org\/{rel}","templated":true}]}}