{"id":60170,"date":"2022-01-11T16:51:15","date_gmt":"2022-01-11T08:51:15","guid":{"rendered":"https:\/\/www.mobile-well.com\/?post_type=product&#038;p=60170"},"modified":"2022-01-11T16:51:38","modified_gmt":"2022-01-11T08:51:38","slug":"mayoreo-cable-de-datos-rapido-de-pvc-de-2a-de-diseno-de-punto","status":"publish","type":"product","link":"https:\/\/www.mobile-well.com\/es\/producto\/mayoreo-cable-de-datos-rapido-de-pvc-de-2a-de-diseno-de-punto\/","title":{"rendered":"Mayoreo cable de datos r\u00e1pido de PVC de 2A de dise\u00f1o de punto"},"content":{"rendered":"","protected":false},"excerpt":{"rendered":"<p>Mayoreo cable de datos r\u00e1pido de PVC de 2A de dise\u00f1o de punto<\/p>\n","protected":false},"featured_media":60175,"template":"","meta":[],"product_brand":[],"product_cat":[79],"product_tag":[1024,7265,7264,7049,7266],"class_list":{"0":"post-60170","1":"product","2":"type-product","3":"status-publish","4":"has-post-thumbnail","6":"product_cat-cables","7":"product_tag-cable-de-datos-2","8":"product_tag-cable-de-datos-de-2a","9":"product_tag-cable-de-datos-de-pvc","10":"product_tag-cable-de-datos-rapido","11":"product_tag-cable-de-diseno-de-punto","13":"first","14":"instock","15":"shipping-taxable","16":"product-type-simple"},"jetpack_sharing_enabled":true,"_links":{"self":[{"href":"https:\/\/www.mobile-well.com\/es\/wp-json\/wp\/v2\/product\/60170","targetHints":{"allow":["GET"]}}],"collection":[{"href":"https:\/\/www.mobile-well.com\/es\/wp-json\/wp\/v2\/product"}],"about":[{"href":"https:\/\/www.mobile-well.com\/es\/wp-json\/wp\/v2\/types\/product"}],"wp:featuredmedia":[{"embeddable":true,"href":"https:\/\/www.mobile-well.com\/es\/wp-json\/wp\/v2\/media\/60175"}],"wp:attachment":[{"href":"https:\/\/www.mobile-well.com\/es\/wp-json\/wp\/v2\/media?parent=60170"}],"wp:term":[{"taxonomy":"product_brand","embeddable":true,"href":"https:\/\/www.mobile-well.com\/es\/wp-json\/wp\/v2\/product_brand?post=60170"},{"taxonomy":"product_cat","embeddable":true,"href":"https:\/\/www.mobile-well.com\/es\/wp-json\/wp\/v2\/product_cat?post=60170"},{"taxonomy":"product_tag","embeddable":true,"href":"https:\/\/www.mobile-well.com\/es\/wp-json\/wp\/v2\/product_tag?post=60170"}],"curies":[{"name":"wp","href":"https:\/\/api.w.org\/{rel}","templated":true}]}}