{"id":60917,"date":"2022-03-03T17:08:06","date_gmt":"2022-03-03T09:08:06","guid":{"rendered":"https:\/\/www.mobile-well.com\/?post_type=product&#038;p=60917"},"modified":"2022-03-03T17:10:17","modified_gmt":"2022-03-03T09:10:17","slug":"mayoreo-fundas-estuches-expoxy-para-iphone-13","status":"publish","type":"product","link":"https:\/\/www.mobile-well.com\/es\/producto\/mayoreo-fundas-estuches-expoxy-para-iphone-13\/","title":{"rendered":"Mayoreo Fundas Estuches Expoxy para iPhone 13"},"content":{"rendered":"","protected":false},"excerpt":{"rendered":"<ul>\n<li>Comprar m\u00ednimo:200piezas\/modelo,50piezas\/color<\/li>\n<li>Color: como imagen<\/li>\n<li>Modelo: Cont\u00e1ctenos r\u00e1pidamente para obtener el cat\u00e1logo.<\/li>\n<\/ul>\n","protected":false},"featured_media":60932,"template":"","meta":[],"product_brand":[],"product_cat":[77],"product_tag":[7309,7310,5761],"class_list":{"0":"post-60917","1":"product","2":"type-product","3":"status-publish","4":"has-post-thumbnail","6":"product_cat-fundas","7":"product_tag-fundas-estuches","8":"product_tag-fundas-estuches-expoxy","9":"product_tag-moq200","11":"first","12":"instock","13":"shipping-taxable","14":"product-type-simple"},"jetpack_sharing_enabled":true,"_links":{"self":[{"href":"https:\/\/www.mobile-well.com\/es\/wp-json\/wp\/v2\/product\/60917","targetHints":{"allow":["GET"]}}],"collection":[{"href":"https:\/\/www.mobile-well.com\/es\/wp-json\/wp\/v2\/product"}],"about":[{"href":"https:\/\/www.mobile-well.com\/es\/wp-json\/wp\/v2\/types\/product"}],"wp:featuredmedia":[{"embeddable":true,"href":"https:\/\/www.mobile-well.com\/es\/wp-json\/wp\/v2\/media\/60932"}],"wp:attachment":[{"href":"https:\/\/www.mobile-well.com\/es\/wp-json\/wp\/v2\/media?parent=60917"}],"wp:term":[{"taxonomy":"product_brand","embeddable":true,"href":"https:\/\/www.mobile-well.com\/es\/wp-json\/wp\/v2\/product_brand?post=60917"},{"taxonomy":"product_cat","embeddable":true,"href":"https:\/\/www.mobile-well.com\/es\/wp-json\/wp\/v2\/product_cat?post=60917"},{"taxonomy":"product_tag","embeddable":true,"href":"https:\/\/www.mobile-well.com\/es\/wp-json\/wp\/v2\/product_tag?post=60917"}],"curies":[{"name":"wp","href":"https:\/\/api.w.org\/{rel}","templated":true}]}}