{"id":60961,"date":"2022-03-04T15:35:53","date_gmt":"2022-03-04T07:35:53","guid":{"rendered":"https:\/\/www.mobile-well.com\/?post_type=product&#038;p=60961"},"modified":"2022-03-04T15:36:08","modified_gmt":"2022-03-04T07:36:08","slug":"flip-cover-estuches-con-cuero-para-iphone-13-13-pro-13-pro-max","status":"publish","type":"product","link":"https:\/\/www.mobile-well.com\/es\/producto\/flip-cover-estuches-con-cuero-para-iphone-13-13-pro-13-pro-max\/","title":{"rendered":"Flip Cover Estuches con cuero para iPhone 13 13 pro 13 pro max"},"content":{"rendered":"","protected":false},"excerpt":{"rendered":"<ul>\n<li>Flip Cover Estuches con cuero<\/li>\n<li>Comprar minima:100piezas\/modelo,50piezas\/color<\/li>\n<li>Color: como imagen.<\/li>\n<li>Modelo: Cont\u00e1ctenos r\u00e1pidamente para obtener el cat\u00e1logo<\/li>\n<\/ul>\n","protected":false},"featured_media":60962,"template":"","meta":[],"product_brand":[],"product_cat":[274],"product_tag":[1201,7312,7311,5738],"class_list":{"0":"post-60961","1":"product","2":"type-product","3":"status-publish","4":"has-post-thumbnail","6":"product_cat-estuches","7":"product_tag-estuches","8":"product_tag-estuches-con-cuero","9":"product_tag-flip-cover-estuches","10":"product_tag-moq100","12":"first","13":"instock","14":"shipping-taxable","15":"product-type-simple"},"jetpack_sharing_enabled":true,"_links":{"self":[{"href":"https:\/\/www.mobile-well.com\/es\/wp-json\/wp\/v2\/product\/60961","targetHints":{"allow":["GET"]}}],"collection":[{"href":"https:\/\/www.mobile-well.com\/es\/wp-json\/wp\/v2\/product"}],"about":[{"href":"https:\/\/www.mobile-well.com\/es\/wp-json\/wp\/v2\/types\/product"}],"wp:featuredmedia":[{"embeddable":true,"href":"https:\/\/www.mobile-well.com\/es\/wp-json\/wp\/v2\/media\/60962"}],"wp:attachment":[{"href":"https:\/\/www.mobile-well.com\/es\/wp-json\/wp\/v2\/media?parent=60961"}],"wp:term":[{"taxonomy":"product_brand","embeddable":true,"href":"https:\/\/www.mobile-well.com\/es\/wp-json\/wp\/v2\/product_brand?post=60961"},{"taxonomy":"product_cat","embeddable":true,"href":"https:\/\/www.mobile-well.com\/es\/wp-json\/wp\/v2\/product_cat?post=60961"},{"taxonomy":"product_tag","embeddable":true,"href":"https:\/\/www.mobile-well.com\/es\/wp-json\/wp\/v2\/product_tag?post=60961"}],"curies":[{"name":"wp","href":"https:\/\/api.w.org\/{rel}","templated":true}]}}