{"id":60987,"date":"2022-03-04T15:44:23","date_gmt":"2022-03-04T07:44:23","guid":{"rendered":"https:\/\/www.mobile-well.com\/?post_type=product&#038;p=60987"},"modified":"2022-03-04T16:23:45","modified_gmt":"2022-03-04T08:23:45","slug":"flip-cover-estuches-con-cuero-y-color-tpu-para-iphone-13-13-pro-13-pro-max","status":"publish","type":"product","link":"https:\/\/www.mobile-well.com\/es\/producto\/flip-cover-estuches-con-cuero-y-color-tpu-para-iphone-13-13-pro-13-pro-max\/","title":{"rendered":"Flip Cover Estuches con cuero y color TPU para iPhone 13 13 pro 13 pro max"},"content":{"rendered":"","protected":false},"excerpt":{"rendered":"<ul>\n<li>Flip Cover Estuches con cuero y color TPU<\/li>\n<li>Comprar minima:200piezas\/modelo\/color<\/li>\n<li>Color: como imagen.<\/li>\n<li>Modelo: Cont\u00e1ctenos r\u00e1pidamente para obtener el cat\u00e1logo<\/li>\n<\/ul>\n","protected":false},"featured_media":60988,"template":"","meta":[],"product_brand":[],"product_cat":[274],"product_tag":[1201,7313,7312,7311,5761],"class_list":{"0":"post-60987","1":"product","2":"type-product","3":"status-publish","4":"has-post-thumbnail","6":"product_cat-estuches","7":"product_tag-estuches","8":"product_tag-estuches-con-color-tpu","9":"product_tag-estuches-con-cuero","10":"product_tag-flip-cover-estuches","11":"product_tag-moq200","13":"first","14":"instock","15":"shipping-taxable","16":"product-type-simple"},"jetpack_sharing_enabled":true,"_links":{"self":[{"href":"https:\/\/www.mobile-well.com\/es\/wp-json\/wp\/v2\/product\/60987","targetHints":{"allow":["GET"]}}],"collection":[{"href":"https:\/\/www.mobile-well.com\/es\/wp-json\/wp\/v2\/product"}],"about":[{"href":"https:\/\/www.mobile-well.com\/es\/wp-json\/wp\/v2\/types\/product"}],"wp:featuredmedia":[{"embeddable":true,"href":"https:\/\/www.mobile-well.com\/es\/wp-json\/wp\/v2\/media\/60988"}],"wp:attachment":[{"href":"https:\/\/www.mobile-well.com\/es\/wp-json\/wp\/v2\/media?parent=60987"}],"wp:term":[{"taxonomy":"product_brand","embeddable":true,"href":"https:\/\/www.mobile-well.com\/es\/wp-json\/wp\/v2\/product_brand?post=60987"},{"taxonomy":"product_cat","embeddable":true,"href":"https:\/\/www.mobile-well.com\/es\/wp-json\/wp\/v2\/product_cat?post=60987"},{"taxonomy":"product_tag","embeddable":true,"href":"https:\/\/www.mobile-well.com\/es\/wp-json\/wp\/v2\/product_tag?post=60987"}],"curies":[{"name":"wp","href":"https:\/\/api.w.org\/{rel}","templated":true}]}}