{"id":61224,"date":"2022-03-15T17:28:30","date_gmt":"2022-03-15T09:28:30","guid":{"rendered":"https:\/\/www.mobile-well.com\/?post_type=product&#038;p=61224"},"modified":"2022-03-15T17:28:39","modified_gmt":"2022-03-15T09:28:39","slug":"auriculares-con-conector-de-audio-de-35-mm","status":"publish","type":"product","link":"https:\/\/www.mobile-well.com\/es\/producto\/auriculares-con-conector-de-audio-de-35-mm\/","title":{"rendered":"Auriculares con conector de audio de 3,5 mm"},"content":{"rendered":"","protected":false},"excerpt":{"rendered":"<ul>\n<li>Auriculares internos de audio con conector de 3,5 mm<\/li>\n<li>Di\u00e1metro del altavoz: 10 mm<\/li>\n<li>Sensibilidad: 116\u00b13dB (a 1 KHZ, 0,5 rms)<\/li>\n<li>Respuesta de frecuencia: 18-20000 (Hz)<\/li>\n<li>Di\u00e1metros de enchufe: 3,5 mm<\/li>\n<li>Impedancia (OHM): 16\u03a9<\/li>\n<li>Longitud del cable: 1,2 (m)<\/li>\n<li>Funci\u00f3n: MP3, videojuegos, tel\u00e9fonos m\u00f3viles, auriculares deportivos, auriculares de m\u00fasica, auriculares de computadora<\/li>\n<\/ul>\n","protected":false},"featured_media":61212,"template":"","meta":[],"product_brand":[],"product_cat":[3018],"product_tag":[2233,5808],"class_list":{"0":"post-61224","1":"product","2":"type-product","3":"status-publish","4":"has-post-thumbnail","6":"product_cat-auriculares-con-cable","7":"product_tag-auriculares","8":"product_tag-auriculares-con-cable","10":"first","11":"instock","12":"shipping-taxable","13":"product-type-simple"},"jetpack_sharing_enabled":true,"_links":{"self":[{"href":"https:\/\/www.mobile-well.com\/es\/wp-json\/wp\/v2\/product\/61224","targetHints":{"allow":["GET"]}}],"collection":[{"href":"https:\/\/www.mobile-well.com\/es\/wp-json\/wp\/v2\/product"}],"about":[{"href":"https:\/\/www.mobile-well.com\/es\/wp-json\/wp\/v2\/types\/product"}],"wp:featuredmedia":[{"embeddable":true,"href":"https:\/\/www.mobile-well.com\/es\/wp-json\/wp\/v2\/media\/61212"}],"wp:attachment":[{"href":"https:\/\/www.mobile-well.com\/es\/wp-json\/wp\/v2\/media?parent=61224"}],"wp:term":[{"taxonomy":"product_brand","embeddable":true,"href":"https:\/\/www.mobile-well.com\/es\/wp-json\/wp\/v2\/product_brand?post=61224"},{"taxonomy":"product_cat","embeddable":true,"href":"https:\/\/www.mobile-well.com\/es\/wp-json\/wp\/v2\/product_cat?post=61224"},{"taxonomy":"product_tag","embeddable":true,"href":"https:\/\/www.mobile-well.com\/es\/wp-json\/wp\/v2\/product_tag?post=61224"}],"curies":[{"name":"wp","href":"https:\/\/api.w.org\/{rel}","templated":true}]}}