{"id":61577,"date":"2022-03-30T14:34:30","date_gmt":"2022-03-30T06:34:30","guid":{"rendered":"https:\/\/www.mobile-well.com\/?post_type=product&#038;p=61577"},"modified":"2022-03-30T14:36:49","modified_gmt":"2022-03-30T06:36:49","slug":"funda-protectora-pintada-de-tpupc-con-anillo-magnetico-para-iphone13pro","status":"publish","type":"product","link":"https:\/\/www.mobile-well.com\/es\/producto\/funda-protectora-pintada-de-tpupc-con-anillo-magnetico-para-iphone13pro\/","title":{"rendered":"Funda protectora pintada de TPU+PC con anillo magn\u00e9tico para iPhone13Pro"},"content":{"rendered":"","protected":false},"excerpt":{"rendered":"<ul>\n<li>Color: como imagen<\/li>\n<li>Material:TPU + PC<\/li>\n<li>MOQ: 200 piezas\/modelo, 50 piezas\/color<\/li>\n<li>Modelo: Cont\u00e1ctenos r\u00e1pidamente para obtener el cat\u00e1logo.<\/li>\n<\/ul>\n","protected":false},"featured_media":61594,"template":"","meta":[],"product_brand":[],"product_cat":[77],"product_tag":[7358,5085,7357,2773,5761],"class_list":{"0":"post-61577","1":"product","2":"type-product","3":"status-publish","4":"has-post-thumbnail","6":"product_cat-fundas","7":"product_tag-funda-con-anillo-magnetico","8":"product_tag-funda-protectora","9":"product_tag-funda-protectora-pintada","10":"product_tag-funda-tpupc","11":"product_tag-moq200","13":"first","14":"instock","15":"shipping-taxable","16":"product-type-simple"},"jetpack_sharing_enabled":true,"_links":{"self":[{"href":"https:\/\/www.mobile-well.com\/es\/wp-json\/wp\/v2\/product\/61577","targetHints":{"allow":["GET"]}}],"collection":[{"href":"https:\/\/www.mobile-well.com\/es\/wp-json\/wp\/v2\/product"}],"about":[{"href":"https:\/\/www.mobile-well.com\/es\/wp-json\/wp\/v2\/types\/product"}],"wp:featuredmedia":[{"embeddable":true,"href":"https:\/\/www.mobile-well.com\/es\/wp-json\/wp\/v2\/media\/61594"}],"wp:attachment":[{"href":"https:\/\/www.mobile-well.com\/es\/wp-json\/wp\/v2\/media?parent=61577"}],"wp:term":[{"taxonomy":"product_brand","embeddable":true,"href":"https:\/\/www.mobile-well.com\/es\/wp-json\/wp\/v2\/product_brand?post=61577"},{"taxonomy":"product_cat","embeddable":true,"href":"https:\/\/www.mobile-well.com\/es\/wp-json\/wp\/v2\/product_cat?post=61577"},{"taxonomy":"product_tag","embeddable":true,"href":"https:\/\/www.mobile-well.com\/es\/wp-json\/wp\/v2\/product_tag?post=61577"}],"curies":[{"name":"wp","href":"https:\/\/api.w.org\/{rel}","templated":true}]}}