{"id":61755,"date":"2022-04-01T15:52:57","date_gmt":"2022-04-01T07:52:57","guid":{"rendered":"https:\/\/www.mobile-well.com\/?post_type=product&#038;p=61755"},"modified":"2022-04-01T15:55:12","modified_gmt":"2022-04-01T07:55:12","slug":"funda-protectora-2-en-1-de-inyeccion-de-aceite-de-color-solido-con-anillo-magnetico","status":"publish","type":"product","link":"https:\/\/www.mobile-well.com\/es\/producto\/funda-protectora-2-en-1-de-inyeccion-de-aceite-de-color-solido-con-anillo-magnetico\/","title":{"rendered":"Funda protectora 2 en 1 de inyecci\u00f3n de aceite de color s\u00f3lido con anillo magn\u00e9tico"},"content":{"rendered":"","protected":false},"excerpt":{"rendered":"<ul>\n<li>Material:TPU + PC<\/li>\n<li>Artesan\u00eda: inyecci\u00f3n de aceite<\/li>\n<li>MOQ: 200 piezas\/modelo, 50 piezas\/color<\/li>\n<li>Color: como imagen<\/li>\n<li>Modelo: Cont\u00e1ctenos r\u00e1pidamente para obtener el cat\u00e1logo.<\/li>\n<\/ul>\n","protected":false},"featured_media":61756,"template":"","meta":[],"product_brand":[],"product_cat":[77],"product_tag":[7358,7372,5085,6012,5761],"class_list":{"0":"post-61755","1":"product","2":"type-product","3":"status-publish","4":"has-post-thumbnail","6":"product_cat-fundas","7":"product_tag-funda-con-anillo-magnetico","8":"product_tag-funda-de-color-solido","9":"product_tag-funda-protectora","10":"product_tag-funda-protectora-2-en-1","11":"product_tag-moq200","13":"first","14":"instock","15":"shipping-taxable","16":"product-type-simple"},"jetpack_sharing_enabled":true,"_links":{"self":[{"href":"https:\/\/www.mobile-well.com\/es\/wp-json\/wp\/v2\/product\/61755","targetHints":{"allow":["GET"]}}],"collection":[{"href":"https:\/\/www.mobile-well.com\/es\/wp-json\/wp\/v2\/product"}],"about":[{"href":"https:\/\/www.mobile-well.com\/es\/wp-json\/wp\/v2\/types\/product"}],"wp:featuredmedia":[{"embeddable":true,"href":"https:\/\/www.mobile-well.com\/es\/wp-json\/wp\/v2\/media\/61756"}],"wp:attachment":[{"href":"https:\/\/www.mobile-well.com\/es\/wp-json\/wp\/v2\/media?parent=61755"}],"wp:term":[{"taxonomy":"product_brand","embeddable":true,"href":"https:\/\/www.mobile-well.com\/es\/wp-json\/wp\/v2\/product_brand?post=61755"},{"taxonomy":"product_cat","embeddable":true,"href":"https:\/\/www.mobile-well.com\/es\/wp-json\/wp\/v2\/product_cat?post=61755"},{"taxonomy":"product_tag","embeddable":true,"href":"https:\/\/www.mobile-well.com\/es\/wp-json\/wp\/v2\/product_tag?post=61755"}],"curies":[{"name":"wp","href":"https:\/\/api.w.org\/{rel}","templated":true}]}}