{"id":61942,"date":"2022-04-02T17:06:35","date_gmt":"2022-04-02T09:06:35","guid":{"rendered":"https:\/\/www.mobile-well.com\/?post_type=product&#038;p=61942"},"modified":"2022-04-02T17:06:40","modified_gmt":"2022-04-02T09:06:40","slug":"auricular-inalambrico-de-diseno-intrauditivo-con-reduccion-de-ruido-de-microfono-dual-enc","status":"publish","type":"product","link":"https:\/\/www.mobile-well.com\/es\/producto\/auricular-inalambrico-de-diseno-intrauditivo-con-reduccion-de-ruido-de-microfono-dual-enc\/","title":{"rendered":"Auricular inal\u00e1mbrico de dise\u00f1o intrauditivo con reducci\u00f3n de ruido de micr\u00f3fono dual ENC"},"content":{"rendered":"","protected":false},"excerpt":{"rendered":"<ul>\n<li>Material: ABS + policarbonato.<\/li>\n<li>Distancia efectiva en l\u00ednea recta: 10-15 metros<\/li>\n<li>Altavoz: \u03c613<\/li>\n<li>Bater\u00eda: bater\u00eda de pol\u00edmero de litio, auricular 30 mah, compartimento de carga 200 mah, puerto tipo c<\/li>\n<li>Tiempo de reproducci\u00f3n: 5-6 horas<\/li>\n<li>Tiempo de espera: alrededor de 100 horas<\/li>\n<li>Tiempo de carga completo: aproximadamente 1 hora para auriculares, aproximadamente 2 horas para estuche de carga<\/li>\n<li>Color: negro, blanco<\/li>\n<\/ul>\n","protected":false},"featured_media":61959,"template":"","meta":[],"product_brand":[],"product_cat":[3016],"product_tag":[7377,1510],"class_list":{"0":"post-61942","1":"product","2":"type-product","3":"status-publish","4":"has-post-thumbnail","6":"product_cat-auriculares-bluetooth","7":"product_tag-auricular-de-diseno-intrauditivo","8":"product_tag-auricular-inalambrico","10":"first","11":"instock","12":"shipping-taxable","13":"product-type-simple"},"jetpack_sharing_enabled":true,"_links":{"self":[{"href":"https:\/\/www.mobile-well.com\/es\/wp-json\/wp\/v2\/product\/61942","targetHints":{"allow":["GET"]}}],"collection":[{"href":"https:\/\/www.mobile-well.com\/es\/wp-json\/wp\/v2\/product"}],"about":[{"href":"https:\/\/www.mobile-well.com\/es\/wp-json\/wp\/v2\/types\/product"}],"wp:featuredmedia":[{"embeddable":true,"href":"https:\/\/www.mobile-well.com\/es\/wp-json\/wp\/v2\/media\/61959"}],"wp:attachment":[{"href":"https:\/\/www.mobile-well.com\/es\/wp-json\/wp\/v2\/media?parent=61942"}],"wp:term":[{"taxonomy":"product_brand","embeddable":true,"href":"https:\/\/www.mobile-well.com\/es\/wp-json\/wp\/v2\/product_brand?post=61942"},{"taxonomy":"product_cat","embeddable":true,"href":"https:\/\/www.mobile-well.com\/es\/wp-json\/wp\/v2\/product_cat?post=61942"},{"taxonomy":"product_tag","embeddable":true,"href":"https:\/\/www.mobile-well.com\/es\/wp-json\/wp\/v2\/product_tag?post=61942"}],"curies":[{"name":"wp","href":"https:\/\/api.w.org\/{rel}","templated":true}]}}