{"id":61993,"date":"2022-04-11T17:56:05","date_gmt":"2022-04-11T09:56:05","guid":{"rendered":"https:\/\/www.mobile-well.com\/?post_type=product&#038;p=61993"},"modified":"2022-04-11T17:56:17","modified_gmt":"2022-04-11T09:56:17","slug":"luces-magicas-altavoces-inalambricos-portatiles-con-soporte-de-microfono-radio-fm","status":"publish","type":"product","link":"https:\/\/www.mobile-well.com\/es\/producto\/luces-magicas-altavoces-inalambricos-portatiles-con-soporte-de-microfono-radio-fm\/","title":{"rendered":"Luces m\u00e1gicas Altavoces inal\u00e1mbricos port\u00e1tiles con soporte de micr\u00f3fono Radio FM"},"content":{"rendered":"","protected":false},"excerpt":{"rendered":"<ul>\n<li>Tama\u00f1o de la caja exterior: 51,2*43,0*33,5 CM<\/li>\n<li>N\u00famero de cuadrados: (0.074) 1 pieza<\/li>\n<li>Cantidad de embalaje: 60 PCS<\/li>\n<li>Peso neto: 14,5 KG<\/li>\n<li>Peso bruto: 16KG<\/li>\n<li>Embalaje (Negro 60)<\/li>\n<li>Tama\u00f1o de la caja de colores: 82x82x160 mm<\/li>\n<li>Tama\u00f1o de la m\u00e1quina: 77*77*155mm<\/li>\n<\/ul>\n","protected":false},"featured_media":62014,"template":"","meta":[],"product_brand":[],"product_cat":[310],"product_tag":[6734,7381,7382,5983],"class_list":{"0":"post-61993","1":"product","2":"type-product","3":"status-publish","4":"has-post-thumbnail","6":"product_cat-parlantes","7":"product_tag-altavoces-inalambricos","8":"product_tag-altavoces-inalambricos-portatiles","9":"product_tag-luces-magicas-altavoces","10":"product_tag-moq60","12":"first","13":"instock","14":"shipping-taxable","15":"product-type-simple"},"jetpack_sharing_enabled":true,"_links":{"self":[{"href":"https:\/\/www.mobile-well.com\/es\/wp-json\/wp\/v2\/product\/61993","targetHints":{"allow":["GET"]}}],"collection":[{"href":"https:\/\/www.mobile-well.com\/es\/wp-json\/wp\/v2\/product"}],"about":[{"href":"https:\/\/www.mobile-well.com\/es\/wp-json\/wp\/v2\/types\/product"}],"wp:featuredmedia":[{"embeddable":true,"href":"https:\/\/www.mobile-well.com\/es\/wp-json\/wp\/v2\/media\/62014"}],"wp:attachment":[{"href":"https:\/\/www.mobile-well.com\/es\/wp-json\/wp\/v2\/media?parent=61993"}],"wp:term":[{"taxonomy":"product_brand","embeddable":true,"href":"https:\/\/www.mobile-well.com\/es\/wp-json\/wp\/v2\/product_brand?post=61993"},{"taxonomy":"product_cat","embeddable":true,"href":"https:\/\/www.mobile-well.com\/es\/wp-json\/wp\/v2\/product_cat?post=61993"},{"taxonomy":"product_tag","embeddable":true,"href":"https:\/\/www.mobile-well.com\/es\/wp-json\/wp\/v2\/product_tag?post=61993"}],"curies":[{"name":"wp","href":"https:\/\/api.w.org\/{rel}","templated":true}]}}