{"id":62016,"date":"2022-04-11T18:03:38","date_gmt":"2022-04-11T10:03:38","guid":{"rendered":"https:\/\/www.mobile-well.com\/?post_type=product&#038;p=62016"},"modified":"2022-04-11T18:03:39","modified_gmt":"2022-04-11T10:03:39","slug":"luces-magicas-altavoces-inalambricos-portatiles-altavoces-duales-de-4-pulgadas","status":"publish","type":"product","link":"https:\/\/www.mobile-well.com\/es\/producto\/luces-magicas-altavoces-inalambricos-portatiles-altavoces-duales-de-4-pulgadas\/","title":{"rendered":"Luces m\u00e1gicas Altavoces inal\u00e1mbricos port\u00e1tiles Altavoces duales de 4 pulgadas"},"content":{"rendered":"","protected":false},"excerpt":{"rendered":"<ul>\n<li>Tama\u00f1o de la m\u00e1quina: 166*166*410mm<\/li>\n<li>Tama\u00f1o de la caja de colores: 176*176*420mm<\/li>\n<li>Tama\u00f1o de la caja exterior: 72*54,5*43,7 CM<\/li>\n<li>N\u00famero de cuadrados: (0.171) 1 pieza<\/li>\n<li>Cantidad de embalaje: 12 piezas<\/li>\n<li>Peso neto: 19,1 KG<\/li>\n<li>Peso bruto: 21,3 KG<\/li>\n<li>Embalaje (Negro 12)<\/li>\n<\/ul>\n","protected":false},"featured_media":62043,"template":"","meta":[],"product_brand":[],"product_cat":[310],"product_tag":[6734,7381,7382,7383],"class_list":{"0":"post-62016","1":"product","2":"type-product","3":"status-publish","4":"has-post-thumbnail","6":"product_cat-parlantes","7":"product_tag-altavoces-inalambricos","8":"product_tag-altavoces-inalambricos-portatiles","9":"product_tag-luces-magicas-altavoces","10":"product_tag-moq12","12":"first","13":"instock","14":"shipping-taxable","15":"product-type-simple"},"jetpack_sharing_enabled":true,"_links":{"self":[{"href":"https:\/\/www.mobile-well.com\/es\/wp-json\/wp\/v2\/product\/62016","targetHints":{"allow":["GET"]}}],"collection":[{"href":"https:\/\/www.mobile-well.com\/es\/wp-json\/wp\/v2\/product"}],"about":[{"href":"https:\/\/www.mobile-well.com\/es\/wp-json\/wp\/v2\/types\/product"}],"wp:featuredmedia":[{"embeddable":true,"href":"https:\/\/www.mobile-well.com\/es\/wp-json\/wp\/v2\/media\/62043"}],"wp:attachment":[{"href":"https:\/\/www.mobile-well.com\/es\/wp-json\/wp\/v2\/media?parent=62016"}],"wp:term":[{"taxonomy":"product_brand","embeddable":true,"href":"https:\/\/www.mobile-well.com\/es\/wp-json\/wp\/v2\/product_brand?post=62016"},{"taxonomy":"product_cat","embeddable":true,"href":"https:\/\/www.mobile-well.com\/es\/wp-json\/wp\/v2\/product_cat?post=62016"},{"taxonomy":"product_tag","embeddable":true,"href":"https:\/\/www.mobile-well.com\/es\/wp-json\/wp\/v2\/product_tag?post=62016"}],"curies":[{"name":"wp","href":"https:\/\/api.w.org\/{rel}","templated":true}]}}