{"id":62154,"date":"2022-04-11T18:24:01","date_gmt":"2022-04-11T10:24:01","guid":{"rendered":"https:\/\/www.mobile-well.com\/?post_type=product&#038;p=62154"},"modified":"2022-04-11T18:24:12","modified_gmt":"2022-04-11T10:24:12","slug":"lampara-de-escritorio-multifuncion-portatil-para-telefono-movil","status":"publish","type":"product","link":"https:\/\/www.mobile-well.com\/es\/producto\/lampara-de-escritorio-multifuncion-portatil-para-telefono-movil\/","title":{"rendered":"L\u00e1mpara de escritorio multifunci\u00f3n port\u00e1til para tel\u00e9fono m\u00f3vil"},"content":{"rendered":"","protected":false},"excerpt":{"rendered":"<ul>\n<li>Funci\u00f3n de almacenamiento<\/li>\n<li>Tres niveles de ajuste de brillo.<\/li>\n<li>El cabezal de la l\u00e1mpara se puede ajustar desde m\u00faltiples \u00e1ngulos.<\/li>\n<li>Con cable Android de 1,2 m, sin cabezal de carga<\/li>\n<li>Blanco, azul, rosa, negro<\/li>\n<li>CTN: 55*55*42 CM, 50 piezas\/cart\u00f3n<\/li>\n<\/ul>\n","protected":false},"featured_media":62169,"template":"","meta":[],"product_brand":[],"product_cat":[467],"product_tag":[7392,7393,7394,5756],"class_list":{"0":"post-62154","1":"product","2":"type-product","3":"status-publish","4":"has-post-thumbnail","6":"product_cat-gadgets-2","7":"product_tag-lampara-de-escritorio","8":"product_tag-lampara-de-escritorio-multifuncion","9":"product_tag-lampara-de-escritorio-portatil","10":"product_tag-moq50","12":"first","13":"instock","14":"shipping-taxable","15":"product-type-simple"},"jetpack_sharing_enabled":true,"_links":{"self":[{"href":"https:\/\/www.mobile-well.com\/es\/wp-json\/wp\/v2\/product\/62154","targetHints":{"allow":["GET"]}}],"collection":[{"href":"https:\/\/www.mobile-well.com\/es\/wp-json\/wp\/v2\/product"}],"about":[{"href":"https:\/\/www.mobile-well.com\/es\/wp-json\/wp\/v2\/types\/product"}],"wp:featuredmedia":[{"embeddable":true,"href":"https:\/\/www.mobile-well.com\/es\/wp-json\/wp\/v2\/media\/62169"}],"wp:attachment":[{"href":"https:\/\/www.mobile-well.com\/es\/wp-json\/wp\/v2\/media?parent=62154"}],"wp:term":[{"taxonomy":"product_brand","embeddable":true,"href":"https:\/\/www.mobile-well.com\/es\/wp-json\/wp\/v2\/product_brand?post=62154"},{"taxonomy":"product_cat","embeddable":true,"href":"https:\/\/www.mobile-well.com\/es\/wp-json\/wp\/v2\/product_cat?post=62154"},{"taxonomy":"product_tag","embeddable":true,"href":"https:\/\/www.mobile-well.com\/es\/wp-json\/wp\/v2\/product_tag?post=62154"}],"curies":[{"name":"wp","href":"https:\/\/api.w.org\/{rel}","templated":true}]}}