{"id":62179,"date":"2022-04-11T18:29:55","date_gmt":"2022-04-11T10:29:55","guid":{"rendered":"https:\/\/www.mobile-well.com\/?post_type=product&#038;p=62179"},"modified":"2022-04-11T18:30:03","modified_gmt":"2022-04-11T10:30:03","slug":"patron-de-graffiti-auriculares-inalambricos-auricular-para-telefono-movil-tableta","status":"publish","type":"product","link":"https:\/\/www.mobile-well.com\/es\/producto\/patron-de-graffiti-auriculares-inalambricos-auricular-para-telefono-movil-tableta\/","title":{"rendered":"Patr\u00f3n de graffiti auriculares inal\u00e1mbricos auricular para tel\u00e9fono m\u00f3vil\/ tableta"},"content":{"rendered":"","protected":false},"excerpt":{"rendered":"<ul>\n<li>Tama\u00f1o del altavoz: 40 mm<\/li>\n<li>Versi\u00f3n: Bluetooth 5.0<\/li>\n<li>Rango de transmisi\u00f3n: dentro de 10 metros<\/li>\n<li>Funci\u00f3n: tarjeta bluetooth FM<\/li>\n<li>Capacidad de la bater\u00eda: 150mA<\/li>\n<li>CTN: 80 piezas 68 * 44 * 85 CM<\/li>\n<\/ul>\n","protected":false},"featured_media":62186,"template":"","meta":[],"product_brand":[],"product_cat":[3016],"product_tag":[1767,5979,7395],"class_list":{"0":"post-62179","1":"product","2":"type-product","3":"status-publish","4":"has-post-thumbnail","6":"product_cat-auriculares-bluetooth","7":"product_tag-auriculares-inalambricos","8":"product_tag-moq80","9":"product_tag-patron-de-graffiti-auriculares","11":"first","12":"instock","13":"shipping-taxable","14":"product-type-simple"},"jetpack_sharing_enabled":true,"_links":{"self":[{"href":"https:\/\/www.mobile-well.com\/es\/wp-json\/wp\/v2\/product\/62179","targetHints":{"allow":["GET"]}}],"collection":[{"href":"https:\/\/www.mobile-well.com\/es\/wp-json\/wp\/v2\/product"}],"about":[{"href":"https:\/\/www.mobile-well.com\/es\/wp-json\/wp\/v2\/types\/product"}],"wp:featuredmedia":[{"embeddable":true,"href":"https:\/\/www.mobile-well.com\/es\/wp-json\/wp\/v2\/media\/62186"}],"wp:attachment":[{"href":"https:\/\/www.mobile-well.com\/es\/wp-json\/wp\/v2\/media?parent=62179"}],"wp:term":[{"taxonomy":"product_brand","embeddable":true,"href":"https:\/\/www.mobile-well.com\/es\/wp-json\/wp\/v2\/product_brand?post=62179"},{"taxonomy":"product_cat","embeddable":true,"href":"https:\/\/www.mobile-well.com\/es\/wp-json\/wp\/v2\/product_cat?post=62179"},{"taxonomy":"product_tag","embeddable":true,"href":"https:\/\/www.mobile-well.com\/es\/wp-json\/wp\/v2\/product_tag?post=62179"}],"curies":[{"name":"wp","href":"https:\/\/api.w.org\/{rel}","templated":true}]}}