{"id":62388,"date":"2022-04-19T17:31:13","date_gmt":"2022-04-19T09:31:13","guid":{"rendered":"https:\/\/www.mobile-well.com\/?post_type=product&#038;p=62388"},"modified":"2022-04-19T17:33:11","modified_gmt":"2022-04-19T09:33:11","slug":"3-en-1-fundas-de-acrilico-tpu-galvanizada-con-inyeccion-de-aceite-de-metal-para-iphone-13-pro","status":"publish","type":"product","link":"https:\/\/www.mobile-well.com\/es\/producto\/3-en-1-fundas-de-acrilico-tpu-galvanizada-con-inyeccion-de-aceite-de-metal-para-iphone-13-pro\/","title":{"rendered":"3 en 1 fundas de acr\u00edlico TPU galvanizada con inyecci\u00f3n de aceite de metal para iPhone 13 Pro"},"content":{"rendered":"","protected":false},"excerpt":{"rendered":"<ul>\n<li>Material: TPU + Acr\u00edlico<\/li>\n<li>Color: como imagen<\/li>\n<li>Modelo: Cont\u00e1ctenos r\u00e1pidamente para obtener el cat\u00e1logo.<\/li>\n<\/ul>\n","protected":false},"featured_media":62389,"template":"","meta":[],"product_brand":[],"product_cat":[77],"product_tag":[7414,1517,7413],"class_list":{"0":"post-62388","1":"product","2":"type-product","3":"status-publish","4":"has-post-thumbnail","6":"product_cat-fundas","7":"product_tag-3-en-1-fundas","8":"product_tag-fundas-2","9":"product_tag-fundas-de-acrilico-tpu-galvanizada","11":"first","12":"instock","13":"shipping-taxable","14":"product-type-simple"},"jetpack_sharing_enabled":true,"_links":{"self":[{"href":"https:\/\/www.mobile-well.com\/es\/wp-json\/wp\/v2\/product\/62388","targetHints":{"allow":["GET"]}}],"collection":[{"href":"https:\/\/www.mobile-well.com\/es\/wp-json\/wp\/v2\/product"}],"about":[{"href":"https:\/\/www.mobile-well.com\/es\/wp-json\/wp\/v2\/types\/product"}],"wp:featuredmedia":[{"embeddable":true,"href":"https:\/\/www.mobile-well.com\/es\/wp-json\/wp\/v2\/media\/62389"}],"wp:attachment":[{"href":"https:\/\/www.mobile-well.com\/es\/wp-json\/wp\/v2\/media?parent=62388"}],"wp:term":[{"taxonomy":"product_brand","embeddable":true,"href":"https:\/\/www.mobile-well.com\/es\/wp-json\/wp\/v2\/product_brand?post=62388"},{"taxonomy":"product_cat","embeddable":true,"href":"https:\/\/www.mobile-well.com\/es\/wp-json\/wp\/v2\/product_cat?post=62388"},{"taxonomy":"product_tag","embeddable":true,"href":"https:\/\/www.mobile-well.com\/es\/wp-json\/wp\/v2\/product_tag?post=62388"}],"curies":[{"name":"wp","href":"https:\/\/api.w.org\/{rel}","templated":true}]}}