{"id":62513,"date":"2022-04-20T15:02:20","date_gmt":"2022-04-20T07:02:20","guid":{"rendered":"https:\/\/www.mobile-well.com\/?post_type=product&#038;p=62513"},"modified":"2022-04-20T15:02:47","modified_gmt":"2022-04-20T07:02:47","slug":"carcasas-colorida-del-arco-iris-del-silicon-liquido-del-entramado-del-diamante","status":"publish","type":"product","link":"https:\/\/www.mobile-well.com\/es\/producto\/carcasas-colorida-del-arco-iris-del-silicon-liquido-del-entramado-del-diamante\/","title":{"rendered":"Carcasas colorida del arco iris del silic\u00f3n l\u00edquido del entramado del diamante"},"content":{"rendered":"","protected":false},"excerpt":{"rendered":"<ul>\n<li>MOQ: 200 piezas\/modelo, 50 piezas\/color<\/li>\n<li>Material: silicona l\u00edquida<\/li>\n<li>Artesan\u00eda: moldeo por inyecci\u00f3n + inyecci\u00f3n de aceite<\/li>\n<li>N.W. del producto: 42.2g<\/li>\n<li>Tama\u00f1o de caja: 60*45*33 cm 500 piezas\/caja 21,1 KG<\/li>\n<\/ul>\n","protected":false},"featured_media":62494,"template":"","meta":[],"product_brand":[],"product_cat":[77],"product_tag":[6144,7422,7424,7423,5761],"class_list":{"0":"post-62513","1":"product","2":"type-product","3":"status-publish","4":"has-post-thumbnail","6":"product_cat-fundas","7":"product_tag-carcasas","8":"product_tag-carcasas-colorida-del-arco-iris","9":"product_tag-carcasas-del-entramado-del-diamante","10":"product_tag-carcasas-del-silicon-liquido","11":"product_tag-moq200","13":"first","14":"instock","15":"shipping-taxable","16":"product-type-simple"},"jetpack_sharing_enabled":true,"_links":{"self":[{"href":"https:\/\/www.mobile-well.com\/es\/wp-json\/wp\/v2\/product\/62513","targetHints":{"allow":["GET"]}}],"collection":[{"href":"https:\/\/www.mobile-well.com\/es\/wp-json\/wp\/v2\/product"}],"about":[{"href":"https:\/\/www.mobile-well.com\/es\/wp-json\/wp\/v2\/types\/product"}],"wp:featuredmedia":[{"embeddable":true,"href":"https:\/\/www.mobile-well.com\/es\/wp-json\/wp\/v2\/media\/62494"}],"wp:attachment":[{"href":"https:\/\/www.mobile-well.com\/es\/wp-json\/wp\/v2\/media?parent=62513"}],"wp:term":[{"taxonomy":"product_brand","embeddable":true,"href":"https:\/\/www.mobile-well.com\/es\/wp-json\/wp\/v2\/product_brand?post=62513"},{"taxonomy":"product_cat","embeddable":true,"href":"https:\/\/www.mobile-well.com\/es\/wp-json\/wp\/v2\/product_cat?post=62513"},{"taxonomy":"product_tag","embeddable":true,"href":"https:\/\/www.mobile-well.com\/es\/wp-json\/wp\/v2\/product_tag?post=62513"}],"curies":[{"name":"wp","href":"https:\/\/api.w.org\/{rel}","templated":true}]}}